{"id":287,"date":"2023-05-16T10:49:11","date_gmt":"2023-05-16T10:49:11","guid":{"rendered":"https:\/\/asta-hsh.de\/?page_id=287"},"modified":"2023-05-30T08:12:27","modified_gmt":"2023-05-30T08:12:27","slug":"astalog","status":"publish","type":"page","link":"https:\/\/test.asta-hsh.de\/en\/astalog\/","title":{"rendered":"Podcast"},"content":{"rendered":"<div data-elementor-type=\"wp-page\" data-elementor-id=\"287\" class=\"elementor elementor-287\">\n\t\t\t\t\t\t<section class=\"elementor-section elementor-top-section elementor-element elementor-element-bfa35f2 elementor-section-full_width elementor-section-height-default elementor-section-height-default\" data-id=\"bfa35f2\" data-element_type=\"section\" data-e-type=\"section\" data-settings=\"{&quot;background_background&quot;:&quot;classic&quot;}\">\n\t\t\t\t\t\t\t<div class=\"elementor-background-overlay\"><\/div>\n\t\t\t\t\t\t\t<div class=\"elementor-container elementor-column-gap-default\">\n\t\t\t\t\t<div class=\"elementor-column elementor-col-100 elementor-top-column elementor-element elementor-element-e5ff2d7\" data-id=\"e5ff2d7\" data-element_type=\"column\" data-e-type=\"column\">\n\t\t\t<div class=\"elementor-widget-wrap elementor-element-populated\">\n\t\t\t\t\t\t<section class=\"elementor-section elementor-inner-section elementor-element elementor-element-7d79eb1 elementor-section-boxed elementor-section-height-default elementor-section-height-default\" data-id=\"7d79eb1\" data-element_type=\"section\" data-e-type=\"section\">\n\t\t\t\t\t\t<div class=\"elementor-container elementor-column-gap-default\">\n\t\t\t\t\t<div class=\"elementor-column elementor-col-50 elementor-inner-column elementor-element elementor-element-4ae6088\" data-id=\"4ae6088\" data-element_type=\"column\" data-e-type=\"column\">\n\t\t\t<div class=\"elementor-widget-wrap elementor-element-populated\">\n\t\t\t\t\t\t<div class=\"elementor-element elementor-element-fa68c25 elementor-widget__width-initial elementor-widget elementor-widget-image\" data-id=\"fa68c25\" data-element_type=\"widget\" data-e-type=\"widget\" data-widget_type=\"image.default\">\n\t\t\t\t<div class=\"elementor-widget-container\">\n\t\t\t\t\t\t\t\t\t\t\t\t\t\t\t<img fetchpriority=\"high\" decoding=\"async\" width=\"521\" height=\"408\" src=\"https:\/\/test.asta-hsh.de\/wp-content\/uploads\/2023\/04\/astalogo.png\" class=\"attachment-large size-large wp-image-298\" alt=\"\" srcset=\"https:\/\/test.asta-hsh.de\/wp-content\/uploads\/2023\/04\/astalogo.png 521w, https:\/\/test.asta-hsh.de\/wp-content\/uploads\/2023\/04\/astalogo-300x235.png 300w\" sizes=\"(max-width: 521px) 100vw, 521px\" \/>\t\t\t\t\t\t\t\t\t\t\t\t\t\t\t<\/div>\n\t\t\t\t<\/div>\n\t\t\t\t\t<\/div>\n\t\t<\/div>\n\t\t\t\t<div class=\"elementor-column elementor-col-50 elementor-inner-column elementor-element elementor-element-71541ee\" data-id=\"71541ee\" data-element_type=\"column\" data-e-type=\"column\">\n\t\t\t<div class=\"elementor-widget-wrap elementor-element-populated\">\n\t\t\t\t\t\t<div class=\"elementor-element elementor-element-a3c9a17 elementor-widget__width-initial elementor-widget elementor-widget-heading\" data-id=\"a3c9a17\" data-element_type=\"widget\" data-e-type=\"widget\" data-widget_type=\"heading.default\">\n\t\t\t\t<div class=\"elementor-widget-container\">\n\t\t\t\t\t<h1 class=\"elementor-heading-title elementor-size-default\">DER ASTALOG<br><\/h1>\t\t\t\t<\/div>\n\t\t\t\t<\/div>\n\t\t\t\t\t<\/div>\n\t\t<\/div>\n\t\t\t\t\t<\/div>\n\t\t<\/section>\n\t\t\t\t<section class=\"elementor-section elementor-inner-section elementor-element elementor-element-f2acc18 elementor-section-boxed elementor-section-height-default elementor-section-height-default\" data-id=\"f2acc18\" data-element_type=\"section\" data-e-type=\"section\">\n\t\t\t\t\t\t<div class=\"elementor-container elementor-column-gap-default\">\n\t\t\t\t\t<div class=\"elementor-column elementor-col-50 elementor-inner-column elementor-element elementor-element-df90d3c\" data-id=\"df90d3c\" data-element_type=\"column\" data-e-type=\"column\">\n\t\t\t<div class=\"elementor-widget-wrap elementor-element-populated\">\n\t\t\t\t\t\t\t<\/div>\n\t\t<\/div>\n\t\t\t\t<div class=\"elementor-column elementor-col-50 elementor-inner-column elementor-element elementor-element-8fefedc\" data-id=\"8fefedc\" data-element_type=\"column\" data-e-type=\"column\">\n\t\t\t<div class=\"elementor-widget-wrap elementor-element-populated\">\n\t\t\t\t\t\t<div class=\"elementor-element elementor-element-23e0b67 elementor-widget elementor-widget-text-editor\" data-id=\"23e0b67\" data-element_type=\"widget\" data-e-type=\"widget\" data-widget_type=\"text-editor.default\">\n\t\t\t\t<div class=\"elementor-widget-container\">\n\t\t\t\t\t\t\t\t\t<h2 class=\"elementor-heading-title elementor-size-default elementor-inline-editing pen\" style=\"font-weight: var( --e-global-typography-primary-font-weight ); color: var( --e-global-color-primary ); font-family: var( --e-global-typography-primary-font-family ), Sans-serif;\" data-elementor-setting-key=\"title\" data-pen-placeholder=\"Eingabe hier...\">DEIN PODCAST ZUM STUDI LEBEN<\/h2>\t\t\t\t\t\t\t\t<\/div>\n\t\t\t\t<\/div>\n\t\t\t\t\t<\/div>\n\t\t<\/div>\n\t\t\t\t\t<\/div>\n\t\t<\/section>\n\t\t\t\t<section class=\"elementor-section elementor-inner-section elementor-element elementor-element-9d92232 elementor-section-boxed elementor-section-height-default elementor-section-height-default\" data-id=\"9d92232\" data-element_type=\"section\" data-e-type=\"section\">\n\t\t\t\t\t\t<div class=\"elementor-container elementor-column-gap-default\">\n\t\t\t\t\t<div class=\"elementor-column elementor-col-50 elementor-inner-column elementor-element elementor-element-5311380\" data-id=\"5311380\" data-element_type=\"column\" data-e-type=\"column\">\n\t\t\t<div class=\"elementor-widget-wrap\">\n\t\t\t\t\t\t\t<\/div>\n\t\t<\/div>\n\t\t\t\t<div class=\"elementor-column elementor-col-50 elementor-inner-column elementor-element elementor-element-c6faf25\" data-id=\"c6faf25\" data-element_type=\"column\" data-e-type=\"column\">\n\t\t\t<div class=\"elementor-widget-wrap\">\n\t\t\t\t\t\t\t<\/div>\n\t\t<\/div>\n\t\t\t\t\t<\/div>\n\t\t<\/section>\n\t\t\t\t\t<\/div>\n\t\t<\/div>\n\t\t\t\t\t<\/div>\n\t\t<\/section>\n\t\t\t\t<section class=\"elementor-section elementor-top-section elementor-element elementor-element-57fd265 elementor-section-boxed elementor-section-height-default elementor-section-height-default\" data-id=\"57fd265\" data-element_type=\"section\" data-e-type=\"section\">\n\t\t\t\t\t\t\t<div class=\"elementor-background-overlay\"><\/div>\n\t\t\t\t\t\t\t<div class=\"elementor-container elementor-column-gap-default\">\n\t\t\t\t\t<div class=\"elementor-column elementor-col-50 elementor-top-column elementor-element elementor-element-efddbe6\" data-id=\"efddbe6\" data-element_type=\"column\" data-e-type=\"column\">\n\t\t\t<div class=\"elementor-widget-wrap elementor-element-populated\">\n\t\t\t\t\t\t<div class=\"elementor-element elementor-element-b76a432 elementor-widget__width-initial elementor-widget elementor-widget-text-editor\" data-id=\"b76a432\" data-element_type=\"widget\" data-e-type=\"widget\" data-widget_type=\"text-editor.default\">\n\t\t\t\t<div class=\"elementor-widget-container\">\n\t\t\t\t\t\t\t\t\t<p>Herzlich Willkommen beim AStAlog! Dem offiziellen Podcast des AStA der Hochschule Hannover. Hier informieren wir euch zu aktuellen Themen rund ums Studium. Von Campus Partys bis zu BAf\u00f6G Reformen, wir behandeln die Themen, die euch besch\u00e4ftigen. Im Gespr\u00e4ch mit Gremienmitgliedern, Expert*innen und nat\u00fcrlich Studis liefern wir euch spannende und informative Episoden. Viel Spa\u00df beim Zuh\u00f6ren!<\/p>\t\t\t\t\t\t\t\t<\/div>\n\t\t\t\t<\/div>\n\t\t\t\t\t<\/div>\n\t\t<\/div>\n\t\t\t\t<div class=\"elementor-column elementor-col-50 elementor-top-column elementor-element elementor-element-51bf29e\" data-id=\"51bf29e\" data-element_type=\"column\" data-e-type=\"column\">\n\t\t\t<div class=\"elementor-widget-wrap elementor-element-populated\">\n\t\t\t\t\t\t<div class=\"elementor-element elementor-element-12e6044 elementor-widget__width-initial elementor-widget elementor-widget-image\" data-id=\"12e6044\" data-element_type=\"widget\" data-e-type=\"widget\" data-widget_type=\"image.default\">\n\t\t\t\t<div class=\"elementor-widget-container\">\n\t\t\t\t\t\t\t\t\t\t\t\t\t\t\t<img decoding=\"async\" width=\"510\" height=\"510\" src=\"https:\/\/test.asta-hsh.de\/wp-content\/uploads\/2023\/05\/astalog-510x510.png\" class=\"attachment-tc-sq-thumb size-tc-sq-thumb wp-image-325\" alt=\"\" srcset=\"https:\/\/test.asta-hsh.de\/wp-content\/uploads\/2023\/05\/astalog-510x510.png 510w, https:\/\/test.asta-hsh.de\/wp-content\/uploads\/2023\/05\/astalog-300x300.png 300w, https:\/\/test.asta-hsh.de\/wp-content\/uploads\/2023\/05\/astalog-1024x1024.png 1024w, https:\/\/test.asta-hsh.de\/wp-content\/uploads\/2023\/05\/astalog-150x150.png 150w, https:\/\/test.asta-hsh.de\/wp-content\/uploads\/2023\/05\/astalog-768x768.png 768w, https:\/\/test.asta-hsh.de\/wp-content\/uploads\/2023\/05\/astalog.png 1080w\" sizes=\"(max-width: 510px) 100vw, 510px\" \/>\t\t\t\t\t\t\t\t\t\t\t\t\t\t\t<\/div>\n\t\t\t\t<\/div>\n\t\t\t\t\t<\/div>\n\t\t<\/div>\n\t\t\t\t\t<\/div>\n\t\t<\/section>\n\t\t\t\t<section class=\"elementor-section elementor-top-section elementor-element elementor-element-70957d5 elementor-section-boxed elementor-section-height-default elementor-section-height-default\" data-id=\"70957d5\" data-element_type=\"section\" data-e-type=\"section\" data-settings=\"{&quot;background_background&quot;:&quot;classic&quot;}\">\n\t\t\t\t\t\t<div class=\"elementor-container elementor-column-gap-default\">\n\t\t\t\t\t<div class=\"elementor-column elementor-col-100 elementor-top-column elementor-element elementor-element-cc02079\" data-id=\"cc02079\" data-element_type=\"column\" data-e-type=\"column\">\n\t\t\t<div class=\"elementor-widget-wrap elementor-element-populated\">\n\t\t\t\t\t\t<section class=\"elementor-section elementor-inner-section elementor-element elementor-element-ce19d7f elementor-section-boxed elementor-section-height-default elementor-section-height-default\" data-id=\"ce19d7f\" data-element_type=\"section\" data-e-type=\"section\">\n\t\t\t\t\t\t<div class=\"elementor-container elementor-column-gap-default\">\n\t\t\t\t\t<div class=\"elementor-column elementor-col-50 elementor-inner-column elementor-element elementor-element-acbabc3\" data-id=\"acbabc3\" data-element_type=\"column\" data-e-type=\"column\">\n\t\t\t<div class=\"elementor-widget-wrap elementor-element-populated\">\n\t\t\t\t\t\t<div class=\"elementor-element elementor-element-6663c85 elementor-widget elementor-widget-heading\" data-id=\"6663c85\" data-element_type=\"widget\" data-e-type=\"widget\" data-widget_type=\"heading.default\">\n\t\t\t\t<div class=\"elementor-widget-container\">\n\t\t\t\t\t<h4 class=\"elementor-heading-title elementor-size-default\">Hast du Anmerkungen oder Ideen?<br>Hier kannst du uns erreichen: <\/h4>\t\t\t\t<\/div>\n\t\t\t\t<\/div>\n\t\t\t\t\t<\/div>\n\t\t<\/div>\n\t\t\t\t<div class=\"elementor-column elementor-col-50 elementor-inner-column elementor-element elementor-element-0bf3499\" data-id=\"0bf3499\" data-element_type=\"column\" data-e-type=\"column\">\n\t\t\t<div class=\"elementor-widget-wrap elementor-element-populated\">\n\t\t\t\t\t\t<div class=\"elementor-element elementor-element-c85940b elementor-widget__width-initial elementor-view-default elementor-widget elementor-widget-icon\" data-id=\"c85940b\" data-element_type=\"widget\" data-e-type=\"widget\" data-widget_type=\"icon.default\">\n\t\t\t\t<div class=\"elementor-widget-container\">\n\t\t\t\t\t\t\t<div class=\"elementor-icon-wrapper\">\n\t\t\t<a class=\"elementor-icon\" href=\"https:\/\/www.instagram.com\/asta_hsh\/\">\n\t\t\t<i aria-hidden=\"true\" class=\"fab fa-instagram\"><\/i>\t\t\t<\/a>\n\t\t<\/div>\n\t\t\t\t\t\t<\/div>\n\t\t\t\t<\/div>\n\t\t\t\t<div class=\"elementor-element elementor-element-76972a2 elementor-widget__width-initial elementor-widget elementor-widget-text-editor\" data-id=\"76972a2\" data-element_type=\"widget\" data-e-type=\"widget\" data-widget_type=\"text-editor.default\">\n\t\t\t\t<div class=\"elementor-widget-container\">\n\t\t\t\t\t\t\t\t\t<p>@asta_hsh<\/p>\t\t\t\t\t\t\t\t<\/div>\n\t\t\t\t<\/div>\n\t\t\t\t<div class=\"elementor-element elementor-element-015ced8 elementor-widget__width-initial elementor-view-default elementor-widget elementor-widget-icon\" data-id=\"015ced8\" data-element_type=\"widget\" data-e-type=\"widget\" data-widget_type=\"icon.default\">\n\t\t\t\t<div class=\"elementor-widget-container\">\n\t\t\t\t\t\t\t<div class=\"elementor-icon-wrapper\">\n\t\t\t<div class=\"elementor-icon\">\n\t\t\t<i aria-hidden=\"true\" class=\"fas fa-mail-bulk\"><\/i>\t\t\t<\/div>\n\t\t<\/div>\n\t\t\t\t\t\t<\/div>\n\t\t\t\t<\/div>\n\t\t\t\t<div class=\"elementor-element elementor-element-8eee9c3 elementor-widget__width-initial elementor-widget elementor-widget-text-editor\" data-id=\"8eee9c3\" data-element_type=\"widget\" data-e-type=\"widget\" data-widget_type=\"text-editor.default\">\n\t\t\t\t<div class=\"elementor-widget-container\">\n\t\t\t\t\t\t\t\t\t<p>podcast@asta-hsh.de<\/p>\t\t\t\t\t\t\t\t<\/div>\n\t\t\t\t<\/div>\n\t\t\t\t\t<\/div>\n\t\t<\/div>\n\t\t\t\t\t<\/div>\n\t\t<\/section>\n\t\t\t\t\t<\/div>\n\t\t<\/div>\n\t\t\t\t\t<\/div>\n\t\t<\/section>\n\t\t\t\t<section class=\"elementor-section elementor-top-section elementor-element elementor-element-89063fb elementor-section-full_width elementor-section-height-default elementor-section-height-default\" data-id=\"89063fb\" data-element_type=\"section\" data-e-type=\"section\" data-settings=\"{&quot;background_background&quot;:&quot;classic&quot;}\">\n\t\t\t\t\t\t<div class=\"elementor-container elementor-column-gap-extended\">\n\t\t\t\t\t<div class=\"elementor-column elementor-col-66 elementor-top-column elementor-element elementor-element-da9dd2e\" data-id=\"da9dd2e\" data-element_type=\"column\" data-e-type=\"column\">\n\t\t\t<div class=\"elementor-widget-wrap elementor-element-populated\">\n\t\t\t\t\t\t<div class=\"elementor-element elementor-element-84f40ca elementor-widget__width-initial elementor-widget elementor-widget-heading\" data-id=\"84f40ca\" data-element_type=\"widget\" data-e-type=\"widget\" data-widget_type=\"heading.default\">\n\t\t\t\t<div class=\"elementor-widget-container\">\n\t\t\t\t\t<h2 class=\"elementor-heading-title elementor-size-default\">Folgen:<\/h2>\t\t\t\t<\/div>\n\t\t\t\t<\/div>\n\t\t\t\t\t<\/div>\n\t\t<\/div>\n\t\t\t\t<div class=\"elementor-column elementor-col-33 elementor-top-column elementor-element elementor-element-4caaf63\" data-id=\"4caaf63\" data-element_type=\"column\" data-e-type=\"column\">\n\t\t\t<div class=\"elementor-widget-wrap elementor-element-populated\">\n\t\t\t\t\t\t\t<\/div>\n\t\t<\/div>\n\t\t\t\t\t<\/div>\n\t\t<\/section>\n\t\t\t\t<section class=\"elementor-section elementor-top-section elementor-element elementor-element-478a571 elementor-section-boxed elementor-section-height-default elementor-section-height-default\" data-id=\"478a571\" data-element_type=\"section\" data-e-type=\"section\" data-settings=\"{&quot;background_background&quot;:&quot;classic&quot;}\">\n\t\t\t\t\t\t<div class=\"elementor-container elementor-column-gap-default\">\n\t\t\t\t\t<div class=\"elementor-column elementor-col-50 elementor-top-column elementor-element elementor-element-37fa90d\" data-id=\"37fa90d\" data-element_type=\"column\" data-e-type=\"column\">\n\t\t\t<div class=\"elementor-widget-wrap elementor-element-populated\">\n\t\t\t\t\t\t<div class=\"elementor-element elementor-element-b6081fa elementor-widget elementor-widget-text-editor\" data-id=\"b6081fa\" data-element_type=\"widget\" data-e-type=\"widget\" data-widget_type=\"text-editor.default\">\n\t\t\t\t<div class=\"elementor-widget-container\">\n\t\t\t\t\t\t\t\t\t<p><span style=\"color: #000000;\"><strong>Pilotfolge\u00a0 \u00a0 \u00a0 \u00a0 \u00a0 \u00a0 \u00a0 \u00a0 \u00a0 \u00a0 \u00a0 \u00a0 \u00a0 \u00a0 \u00a0 \u00a0 \u00a0 \u00a0 \u00a0 \u00a0 \u00a0 \u00a0 \u00a0 \u00a0 \u00a0 \u00a0 \u00a0 \u00a0 \u00a0 \u00a0 \u00a0 \u00a0 \u00a0 \u00a0 \u00a0 \u00a0 \u00a0 \u00a0 \u00a0 \u00a0 \u00a0 \u00a0 \u00a016.05.2023<\/strong><\/span><\/p><p><span style=\"color: #000000;\">Wann und wo steigt die n\u00e4chste Studi Party? Was passiert in der Hochschulpolitik und wor\u00fcber redet der Campus? Darum geht&#8217;s beim AStAlog, dem offiziellem Podcast des AStA der Hochschule Hannover. Herzlich Willkommen!<\/span><\/p><p><audio class=\"wp-audio-shortcode\" id=\"audio-287-1\" preload=\"none\" style=\"width: 100%;\" controls=\"controls\"><source type=\"audio\/mpeg\" src=\"https:\/\/asta-hsh.de\/wp-content\/uploads\/2023\/04\/2023-03-20_Podcast_PILOT.mp3?_=1\" \/><a href=\"https:\/\/asta-hsh.de\/wp-content\/uploads\/2023\/04\/2023-03-20_Podcast_PILOT.mp3\">https:\/\/asta-hsh.de\/wp-content\/uploads\/2023\/04\/2023-03-20_Podcast_PILOT.mp3<\/a><\/audio><\/p>\t\t\t\t\t\t\t\t<\/div>\n\t\t\t\t<\/div>\n\t\t\t\t<div class=\"elementor-element elementor-element-5d51e6b elementor-widget elementor-widget-text-editor\" data-id=\"5d51e6b\" data-element_type=\"widget\" data-e-type=\"widget\" data-widget_type=\"text-editor.default\">\n\t\t\t\t<div class=\"elementor-widget-container\">\n\t\t\t\t\t\t\t\t\t<p><span style=\"color: #000000;\"><strong>Die 200 Euro Pauschale\u00a0 \u00a0 \u00a0 \u00a0 \u00a0 \u00a0 \u00a0 \u00a0 \u00a0 \u00a0 \u00a0 \u00a0 \u00a0 \u00a0 \u00a0 \u00a0 \u00a0 \u00a0 \u00a0 \u00a0 \u00a0 \u00a0 \u00a0 \u00a0 \u00a0 \u00a0 \u00a0 \u00a0 \u00a0 \u00a0 \u00a016.05.2023<\/strong><\/span><\/p><p><span style=\"color: #000000;\">200 Euro f\u00fcr Studierende, wie ihr sie bekommt, woher sie kommen und warum sie nur ein Tropfen auf den hei\u00dfen Stein sind.\u00a0<\/span><\/p><p><audio class=\"wp-audio-shortcode\" id=\"audio-287-2\" preload=\"none\" style=\"width: 100%;\" controls=\"controls\"><source type=\"audio\/mpeg\" src=\"https:\/\/asta-hsh.de\/wp-content\/uploads\/2023\/04\/2023-03-13_200E-Pauschale_FINAL.mp3?_=2\" \/><a href=\"https:\/\/asta-hsh.de\/wp-content\/uploads\/2023\/04\/2023-03-13_200E-Pauschale_FINAL.mp3\">https:\/\/asta-hsh.de\/wp-content\/uploads\/2023\/04\/2023-03-13_200E-Pauschale_FINAL.mp3<\/a><\/audio><\/p>\t\t\t\t\t\t\t\t<\/div>\n\t\t\t\t<\/div>\n\t\t\t\t\t<\/div>\n\t\t<\/div>\n\t\t\t\t<div class=\"elementor-column elementor-col-50 elementor-top-column elementor-element elementor-element-f218bb5\" data-id=\"f218bb5\" data-element_type=\"column\" data-e-type=\"column\">\n\t\t\t<div class=\"elementor-widget-wrap\">\n\t\t\t\t\t\t\t<\/div>\n\t\t<\/div>\n\t\t\t\t\t<\/div>\n\t\t<\/section>\n\t\t\t\t<\/div>","protected":false},"excerpt":{"rendered":"<p>DER ASTALOG DEIN PODCAST ZUM STUDI LEBEN Herzlich Willkommen beim AStAlog! Dem offiziellen Podcast des AStA der Hochschule Hannover. Hier informieren wir euch zu aktuellen Themen rund ums Studium. Von [&hellip;]<\/p>\n","protected":false},"author":1,"featured_media":0,"parent":0,"menu_order":0,"comment_status":"closed","ping_status":"closed","template":"","meta":{"footnotes":""},"class_list":["post-287","page","type-page","status-publish","czr-hentry"],"_links":{"self":[{"href":"https:\/\/test.asta-hsh.de\/en\/wp-json\/wp\/v2\/pages\/287","targetHints":{"allow":["GET"]}}],"collection":[{"href":"https:\/\/test.asta-hsh.de\/en\/wp-json\/wp\/v2\/pages"}],"about":[{"href":"https:\/\/test.asta-hsh.de\/en\/wp-json\/wp\/v2\/types\/page"}],"author":[{"embeddable":true,"href":"https:\/\/test.asta-hsh.de\/en\/wp-json\/wp\/v2\/users\/1"}],"replies":[{"embeddable":true,"href":"https:\/\/test.asta-hsh.de\/en\/wp-json\/wp\/v2\/comments?post=287"}],"version-history":[{"count":33,"href":"https:\/\/test.asta-hsh.de\/en\/wp-json\/wp\/v2\/pages\/287\/revisions"}],"predecessor-version":[{"id":502,"href":"https:\/\/test.asta-hsh.de\/en\/wp-json\/wp\/v2\/pages\/287\/revisions\/502"}],"wp:attachment":[{"href":"https:\/\/test.asta-hsh.de\/en\/wp-json\/wp\/v2\/media?parent=287"}],"curies":[{"name":"wp","href":"https:\/\/api.w.org\/{rel}","templated":true}]}}